{"id":86,"date":"2023-09-19T13:37:13","date_gmt":"2023-09-19T13:37:13","guid":{"rendered":"https:\/\/jjk.merioscloud.de\/index.php\/home\/"},"modified":"2023-12-22T13:19:56","modified_gmt":"2023-12-22T13:19:56","slug":"home","status":"publish","type":"page","link":"https:\/\/jjk.merioscloud.de\/","title":{"rendered":"Home"},"content":{"rendered":"\t\t<div data-elementor-type=\"wp-page\" data-elementor-id=\"86\" class=\"elementor elementor-86\">\n\t\t\t\t\t\t\t<div class=\"elementor-element elementor-element-68084794 e-con-full e-flex e-con e-parent\" data-id=\"68084794\" data-element_type=\"container\" data-settings=\"{&quot;content_width&quot;:&quot;full&quot;,&quot;background_background&quot;:&quot;classic&quot;,&quot;container_type&quot;:&quot;flex&quot;}\" data-core-v316-plus=\"true\">\n\t\t<div class=\"elementor-element elementor-element-551c8334 e-con-full e-flex e-con e-child\" data-id=\"551c8334\" data-element_type=\"container\" data-settings=\"{&quot;background_background&quot;:&quot;classic&quot;,&quot;animation&quot;:&quot;none&quot;,&quot;content_width&quot;:&quot;full&quot;,&quot;container_type&quot;:&quot;flex&quot;}\">\n\t\t\t\t<div class=\"elementor-element elementor-element-256e6d40 elementor-invisible elementor-widget elementor-widget-heading\" data-id=\"256e6d40\" data-element_type=\"widget\" data-settings=\"{&quot;_animation&quot;:&quot;fadeIn&quot;}\" data-widget_type=\"heading.default\">\n\t\t\t\t<div class=\"elementor-widget-container\">\n\t\t\t<style>\/*! elementor - v3.16.0 - 09-10-2023 *\/\n.elementor-heading-title{padding:0;margin:0;line-height:1}.elementor-widget-heading .elementor-heading-title[class*=elementor-size-]>a{color:inherit;font-size:inherit;line-height:inherit}.elementor-widget-heading .elementor-heading-title.elementor-size-small{font-size:15px}.elementor-widget-heading .elementor-heading-title.elementor-size-medium{font-size:19px}.elementor-widget-heading .elementor-heading-title.elementor-size-large{font-size:29px}.elementor-widget-heading .elementor-heading-title.elementor-size-xl{font-size:39px}.elementor-widget-heading .elementor-heading-title.elementor-size-xxl{font-size:59px}<\/style><h1 class=\"elementor-heading-title elementor-size-default\">Willkommen beim Sozialdienst katholischer Frauen und M\u00e4nner f\u00fcr den Landkreis Neunkirchen<\/h1>\t\t<\/div>\n\t\t\t\t<\/div>\n\t\t\t\t<\/div>\n\t\t<div class=\"elementor-element elementor-element-16ed3747 e-flex e-con-boxed e-con e-child\" data-id=\"16ed3747\" data-element_type=\"container\" data-settings=\"{&quot;background_background&quot;:&quot;classic&quot;,&quot;container_type&quot;:&quot;flex&quot;,&quot;content_width&quot;:&quot;boxed&quot;}\">\n\t\t\t\t\t<div class=\"e-con-inner\">\n\t\t<div class=\"elementor-element elementor-element-6cd2d8d5 e-con-full e-flex e-con e-child\" data-id=\"6cd2d8d5\" data-element_type=\"container\" data-settings=\"{&quot;content_width&quot;:&quot;full&quot;,&quot;container_type&quot;:&quot;flex&quot;}\">\n\t\t\t\t<div class=\"elementor-element elementor-element-7ef1c8aa elementor-widget elementor-widget-text-editor\" data-id=\"7ef1c8aa\" data-element_type=\"widget\" data-settings=\"{&quot;_animation&quot;:&quot;none&quot;}\" data-widget_type=\"text-editor.default\">\n\t\t\t\t<div class=\"elementor-widget-container\">\n\t\t\t<style>\/*! elementor - v3.16.0 - 09-10-2023 *\/\n.elementor-widget-text-editor.elementor-drop-cap-view-stacked .elementor-drop-cap{background-color:#69727d;color:#fff}.elementor-widget-text-editor.elementor-drop-cap-view-framed .elementor-drop-cap{color:#69727d;border:3px solid;background-color:transparent}.elementor-widget-text-editor:not(.elementor-drop-cap-view-default) .elementor-drop-cap{margin-top:8px}.elementor-widget-text-editor:not(.elementor-drop-cap-view-default) .elementor-drop-cap-letter{width:1em;height:1em}.elementor-widget-text-editor .elementor-drop-cap{float:left;text-align:center;line-height:1;font-size:50px}.elementor-widget-text-editor .elementor-drop-cap-letter{display:inline-block}<\/style>\t\t\t\t<p><strong>SKFM.<\/strong> Ihr Ansprechpartner bei Fragen zum Betreuungsrecht und zu Vorsorgem\u00f6glichkeiten. <strong>Menschen<\/strong> sollen bleiben wie sie sind. Wir helfen dabei.\u00a0<\/p>\t\t\t\t\t\t<\/div>\n\t\t\t\t<\/div>\n\t\t\t\t<\/div>\n\t\t<div class=\"elementor-element elementor-element-6ff74996 e-flex e-con-boxed e-con e-child\" data-id=\"6ff74996\" data-element_type=\"container\" data-settings=\"{&quot;container_type&quot;:&quot;flex&quot;,&quot;content_width&quot;:&quot;boxed&quot;}\">\n\t\t\t\t\t<div class=\"e-con-inner\">\n\t\t\t\t<div class=\"elementor-element elementor-element-25505f56 elementor-align-justify elementor-widget__width-initial elementor-widget elementor-widget-button\" data-id=\"25505f56\" data-element_type=\"widget\" data-widget_type=\"button.default\">\n\t\t\t\t<div class=\"elementor-widget-container\">\n\t\t\t\t\t<div class=\"elementor-button-wrapper\">\n\t\t\t<a class=\"elementor-button elementor-button-link elementor-size-sm\" href=\"#\">\n\t\t\t\t\t\t<span class=\"elementor-button-content-wrapper\">\n\t\t\t\t\t\t<span class=\"elementor-button-text\">\u00dcber uns<\/span>\n\t\t<\/span>\n\t\t\t\t\t<\/a>\n\t\t<\/div>\n\t\t\t\t<\/div>\n\t\t\t\t<\/div>\n\t\t\t\t\t<\/div>\n\t\t\t\t<\/div>\n\t\t\t\t\t<\/div>\n\t\t\t\t<\/div>\n\t\t\t\t<div class=\"elementor-element elementor-element-2e600ee9 elementor-widget__width-initial elementor-absolute elementor-widget-mobile__width-inherit elementor-invisible elementor-widget elementor-widget-image\" data-id=\"2e600ee9\" data-element_type=\"widget\" data-settings=\"{&quot;_position&quot;:&quot;absolute&quot;,&quot;_animation&quot;:&quot;slideInRight&quot;}\" data-widget_type=\"image.default\">\n\t\t\t\t<div class=\"elementor-widget-container\">\n\t\t\t<style>\/*! elementor - v3.16.0 - 09-10-2023 *\/\n.elementor-widget-image{text-align:center}.elementor-widget-image a{display:inline-block}.elementor-widget-image a img[src$=\".svg\"]{width:48px}.elementor-widget-image img{vertical-align:middle;display:inline-block}<\/style>\t\t\t\t\t\t\t\t\t\t\t\t<img loading=\"lazy\" decoding=\"async\" width=\"800\" height=\"531\" src=\"https:\/\/jjk.merioscloud.de\/wp-content\/uploads\/2023\/09\/Fotolia_45246027_M-1024x680.jpg\" class=\"attachment-large size-large wp-image-160\" alt=\"\" srcset=\"https:\/\/jjk.merioscloud.de\/wp-content\/uploads\/2023\/09\/Fotolia_45246027_M-1024x680.jpg 1024w, https:\/\/jjk.merioscloud.de\/wp-content\/uploads\/2023\/09\/Fotolia_45246027_M-300x199.jpg 300w, https:\/\/jjk.merioscloud.de\/wp-content\/uploads\/2023\/09\/Fotolia_45246027_M-768x510.jpg 768w, https:\/\/jjk.merioscloud.de\/wp-content\/uploads\/2023\/09\/Fotolia_45246027_M-1536x1020.jpg 1536w, https:\/\/jjk.merioscloud.de\/wp-content\/uploads\/2023\/09\/Fotolia_45246027_M.jpg 1691w\" sizes=\"auto, (max-width: 800px) 100vw, 800px\" \/>\t\t\t\t\t\t\t\t\t\t\t\t\t\t\t<\/div>\n\t\t\t\t<\/div>\n\t\t\t\t<div class=\"elementor-element elementor-element-4952d40a elementor-fixed animated-slow elementor-hidden-mobile elementor-view-default elementor-invisible elementor-widget elementor-widget-icon\" data-id=\"4952d40a\" data-element_type=\"widget\" data-settings=\"{&quot;_position&quot;:&quot;fixed&quot;,&quot;_animation&quot;:&quot;fadeIn&quot;,&quot;_animation_delay&quot;:1800}\" data-widget_type=\"icon.default\">\n\t\t\t\t<div class=\"elementor-widget-container\">\n\t\t\t\t\t<div class=\"elementor-icon-wrapper\">\n\t\t\t<div class=\"elementor-icon elementor-animation-grow\">\n\t\t\t<svg xmlns=\"http:\/\/www.w3.org\/2000\/svg\" viewBox=\"0 0 70 70\"><path fill-rule=\"evenodd\" clip-rule=\"evenodd\" d=\"M27.862 29.5h14.786c.752 0 1.362.61 1.362 1.362v.361l-8.909 3.62-8.601-3.494v-.487c0-.752.61-1.362 1.362-1.362ZM26.5 32.968v7.17c0 .752.61 1.362 1.362 1.362h14.786c.752 0 1.362-.61 1.362-1.362v-7.296l-8.627 3.505-.282.115-.282-.115-8.319-3.38ZM25 30.862A2.862 2.862 0 0 1 27.862 28h14.786a2.862 2.862 0 0 1 2.862 2.862v9.276A2.862 2.862 0 0 1 42.648 43H27.862A2.862 2.862 0 0 1 25 40.138v-9.276Z\"><\/path><\/svg>\t\t\t<\/div>\n\t\t<\/div>\n\t\t\t\t<\/div>\n\t\t\t\t<\/div>\n\t\t\t\t<\/div>\n\t\t<div class=\"elementor-element elementor-element-762e2c26 e-flex e-con-boxed e-con e-parent\" data-id=\"762e2c26\" data-element_type=\"container\" data-settings=\"{&quot;background_background&quot;:&quot;classic&quot;,&quot;container_type&quot;:&quot;flex&quot;,&quot;content_width&quot;:&quot;boxed&quot;}\" data-core-v316-plus=\"true\">\n\t\t\t\t\t<div class=\"e-con-inner\">\n\t\t\t\t<div class=\"elementor-element elementor-element-681ad57d elementor-invisible elementor-widget elementor-widget-heading\" data-id=\"681ad57d\" data-element_type=\"widget\" data-settings=\"{&quot;_animation&quot;:&quot;fadeIn&quot;}\" data-widget_type=\"heading.default\">\n\t\t\t\t<div class=\"elementor-widget-container\">\n\t\t\t<h2 class=\"elementor-heading-title elementor-size-default\">Unsere Angebote<\/h2>\t\t<\/div>\n\t\t\t\t<\/div>\n\t\t\t\t\t<\/div>\n\t\t\t\t<\/div>\n\t\t<div class=\"elementor-element elementor-element-7f431688 e-flex e-con-boxed e-con e-parent\" data-id=\"7f431688\" data-element_type=\"container\" data-settings=\"{&quot;container_type&quot;:&quot;flex&quot;,&quot;content_width&quot;:&quot;boxed&quot;}\" data-core-v316-plus=\"true\">\n\t\t\t\t\t<div class=\"e-con-inner\">\n\t\t<div class=\"elementor-element elementor-element-1e05f61a e-con-full e-flex elementor-invisible e-con e-child\" data-id=\"1e05f61a\" data-element_type=\"container\" data-settings=\"{&quot;content_width&quot;:&quot;full&quot;,&quot;animation&quot;:&quot;slideInUp&quot;,&quot;container_type&quot;:&quot;flex&quot;}\">\n\t\t\t\t<div class=\"elementor-element elementor-element-54d10055 elementor-view-default elementor-widget elementor-widget-icon\" data-id=\"54d10055\" data-element_type=\"widget\" data-widget_type=\"icon.default\">\n\t\t\t\t<div class=\"elementor-widget-container\">\n\t\t\t\t\t<div class=\"elementor-icon-wrapper\">\n\t\t\t<div class=\"elementor-icon\">\n\t\t\t<i aria-hidden=\"true\" class=\"far fa-handshake\"><\/i>\t\t\t<\/div>\n\t\t<\/div>\n\t\t\t\t<\/div>\n\t\t\t\t<\/div>\n\t\t\t\t<div class=\"elementor-element elementor-element-6c3c9d9 elementor-widget elementor-widget-text-editor\" data-id=\"6c3c9d9\" data-element_type=\"widget\" data-widget_type=\"text-editor.default\">\n\t\t\t\t<div class=\"elementor-widget-container\">\n\t\t\t\t\t\t\t<ul><li>Wir informieren und beraten zu betreuungsrechtlichen Fragen, Vorsorgevollmachten, Patientenverf\u00fcgungen und Betreuungsverf\u00fcgungen <\/li><li>Wir bieten Schulungen, Fortbildung und Erfahrungsaustausch an\u00a0<\/li><li>Wir beraten, begleiten und unterst\u00fctzen ehrenamtliche Betreuerinnen und Betreuer sowie Bevollm\u00e4chtigte<\/li><\/ul>\t\t\t\t\t\t<\/div>\n\t\t\t\t<\/div>\n\t\t\t\t<div class=\"elementor-element elementor-element-68b75948 elementor-position-right elementor-vertical-align-bottom elementor-mobile-position-right e-transform elementor-view-default elementor-widget elementor-widget-icon-box\" data-id=\"68b75948\" data-element_type=\"widget\" data-settings=\"{&quot;_transform_translateX_effect_hover&quot;:{&quot;unit&quot;:&quot;px&quot;,&quot;size&quot;:5,&quot;sizes&quot;:[]},&quot;_transform_translateX_effect_hover_tablet&quot;:{&quot;unit&quot;:&quot;px&quot;,&quot;size&quot;:&quot;&quot;,&quot;sizes&quot;:[]},&quot;_transform_translateX_effect_hover_mobile&quot;:{&quot;unit&quot;:&quot;px&quot;,&quot;size&quot;:&quot;&quot;,&quot;sizes&quot;:[]},&quot;_transform_translateY_effect_hover&quot;:{&quot;unit&quot;:&quot;px&quot;,&quot;size&quot;:&quot;&quot;,&quot;sizes&quot;:[]},&quot;_transform_translateY_effect_hover_tablet&quot;:{&quot;unit&quot;:&quot;px&quot;,&quot;size&quot;:&quot;&quot;,&quot;sizes&quot;:[]},&quot;_transform_translateY_effect_hover_mobile&quot;:{&quot;unit&quot;:&quot;px&quot;,&quot;size&quot;:&quot;&quot;,&quot;sizes&quot;:[]}}\" data-widget_type=\"icon-box.default\">\n\t\t\t\t<div class=\"elementor-widget-container\">\n\t\t\t<link rel=\"stylesheet\" href=\"https:\/\/jjk.merioscloud.de\/wp-content\/plugins\/elementor\/assets\/css\/widget-icon-box.min.css\">\t\t<div class=\"elementor-icon-box-wrapper\">\n\t\t\t\t\t\t<div class=\"elementor-icon-box-icon\">\n\t\t\t\t<span  class=\"elementor-icon elementor-animation-\">\n\t\t\t\t<svg xmlns=\"http:\/\/www.w3.org\/2000\/svg\" id=\"Layer_1\" width=\"22.34\" height=\"9.14\" viewBox=\"0 0 22.34 9.14\"><path d=\"M22.16,4.13h0S18.21,.18,18.21,.18c-.24-.24-.64-.24-.88,0-.24,.24-.24,.64,0,.88l2.89,2.89H0v1.24H0s20.22,0,20.22,0l-2.89,2.89c-.24,.24-.24,.63,0,.88,.24,.24,.63,.24,.88,0l3.95-3.95c.24-.24,.24-.63,0-.88Z\"><\/path><\/svg>\t\t\t\t<\/span>\n\t\t\t<\/div>\n\t\t\t\t\t\t<div class=\"elementor-icon-box-content\">\n\t\t\t\t<p class=\"elementor-icon-box-title\">\n\t\t\t\t\t<span  >\n\t\t\t\t\t\terfahren Sie mehr\t\t\t\t\t<\/span>\n\t\t\t\t<\/p>\n\t\t\t\t\t\t\t<\/div>\n\t\t<\/div>\n\t\t\t\t<\/div>\n\t\t\t\t<\/div>\n\t\t\t\t<\/div>\n\t\t\t\t\t<\/div>\n\t\t\t\t<\/div>\n\t\t<div class=\"elementor-element elementor-element-29b1b034 e-flex e-con-boxed e-con e-parent\" data-id=\"29b1b034\" data-element_type=\"container\" data-settings=\"{&quot;background_background&quot;:&quot;classic&quot;,&quot;container_type&quot;:&quot;flex&quot;,&quot;content_width&quot;:&quot;boxed&quot;}\" data-core-v316-plus=\"true\">\n\t\t\t\t\t<div class=\"e-con-inner\">\n\t\t<div class=\"elementor-element elementor-element-823b844 e-con-full e-flex e-con e-child\" data-id=\"823b844\" data-element_type=\"container\" data-settings=\"{&quot;content_width&quot;:&quot;full&quot;,&quot;background_background&quot;:&quot;classic&quot;,&quot;container_type&quot;:&quot;flex&quot;}\">\n\t\t\t\t<\/div>\n\t\t<div class=\"elementor-element elementor-element-6b19d233 e-con-full e-flex e-con e-child\" data-id=\"6b19d233\" data-element_type=\"container\" data-settings=\"{&quot;content_width&quot;:&quot;full&quot;,&quot;container_type&quot;:&quot;flex&quot;}\">\n\t\t\t\t<div class=\"elementor-element elementor-element-691e601d elementor-invisible elementor-widget elementor-widget-heading\" data-id=\"691e601d\" data-element_type=\"widget\" data-settings=\"{&quot;_animation&quot;:&quot;fadeIn&quot;}\" data-widget_type=\"heading.default\">\n\t\t\t\t<div class=\"elementor-widget-container\">\n\t\t\t<h2 class=\"elementor-heading-title elementor-size-default\">Werden Sie BetreuerIn<\/h2>\t\t<\/div>\n\t\t\t\t<\/div>\n\t\t\t\t<div class=\"elementor-element elementor-element-3399b456 elementor-invisible elementor-widget elementor-widget-text-editor\" data-id=\"3399b456\" data-element_type=\"widget\" data-settings=\"{&quot;_animation&quot;:&quot;fadeIn&quot;,&quot;_animation_delay&quot;:200}\" data-widget_type=\"text-editor.default\">\n\t\t\t\t<div class=\"elementor-widget-container\">\n\t\t\t\t\t\t\t<p>Wenn Sie Interesse an einer ehrenamtlichen T\u00e4tigkeit als BetreuerIn haben, kontaktieren Sie uns einfach. In einem gemeinsamen Termin k\u00f6nnen dann die jeweiligen Erwartungen und W\u00fcnsche gekl\u00e4rt werden. In Zusammenarbeit mit der Betreuungsbeh\u00f6rde f\u00fchren wir regelm\u00e4\u00dfig Schulungen, Informationsveranstaltungen und Treffen zum Informationsaustausch f\u00fcr ehrenamtliche BetreuerInnen durch, die Ihren Einstieg und die T\u00e4tigkeit als BetreuerIn erleichtern.<\/p>\t\t\t\t\t\t<\/div>\n\t\t\t\t<\/div>\n\t\t\t\t<div class=\"elementor-element elementor-element-115ae969 elementor-align-justify elementor-widget__width-initial elementor-invisible elementor-widget elementor-widget-button\" data-id=\"115ae969\" data-element_type=\"widget\" data-settings=\"{&quot;_animation&quot;:&quot;fadeIn&quot;,&quot;_animation_delay&quot;:450}\" data-widget_type=\"button.default\">\n\t\t\t\t<div class=\"elementor-widget-container\">\n\t\t\t\t\t<div class=\"elementor-button-wrapper\">\n\t\t\t<a class=\"elementor-button elementor-button-link elementor-size-sm\" href=\"https:\/\/jjk.merioscloud.de\/index.php\/contact\/\">\n\t\t\t\t\t\t<span class=\"elementor-button-content-wrapper\">\n\t\t\t\t\t\t<span class=\"elementor-button-text\">Kontakt<\/span>\n\t\t<\/span>\n\t\t\t\t\t<\/a>\n\t\t<\/div>\n\t\t\t\t<\/div>\n\t\t\t\t<\/div>\n\t\t\t\t<\/div>\n\t\t\t\t\t<\/div>\n\t\t\t\t<\/div>\n\t\t<div class=\"elementor-element elementor-element-194f4719 e-con-full e-flex e-con e-parent\" data-id=\"194f4719\" data-element_type=\"container\" data-settings=\"{&quot;content_width&quot;:&quot;full&quot;,&quot;container_type&quot;:&quot;flex&quot;}\" data-core-v316-plus=\"true\">\n\t\t<div class=\"elementor-element elementor-element-24542641 e-con-full e-flex e-con e-child\" data-id=\"24542641\" data-element_type=\"container\" data-settings=\"{&quot;content_width&quot;:&quot;full&quot;,&quot;container_type&quot;:&quot;flex&quot;}\">\n\t\t\t\t<div class=\"elementor-element elementor-element-e0a365c elementor-invisible elementor-widget elementor-widget-heading\" data-id=\"e0a365c\" data-element_type=\"widget\" data-settings=\"{&quot;_animation&quot;:&quot;fadeIn&quot;}\" data-widget_type=\"heading.default\">\n\t\t\t\t<div class=\"elementor-widget-container\">\n\t\t\t<h2 class=\"elementor-heading-title elementor-size-default\">Unsere AnsprechpartnerInnen<\/h2>\t\t<\/div>\n\t\t\t\t<\/div>\n\t\t\t\t<div class=\"elementor-element elementor-element-3c894bf7 elementor-align-justify elementor-widget__width-initial elementor-invisible elementor-widget elementor-widget-button\" data-id=\"3c894bf7\" data-element_type=\"widget\" data-settings=\"{&quot;_animation&quot;:&quot;fadeIn&quot;,&quot;_animation_delay&quot;:450}\" data-widget_type=\"button.default\">\n\t\t\t\t<div class=\"elementor-widget-container\">\n\t\t\t\t\t<div class=\"elementor-button-wrapper\">\n\t\t\t<a class=\"elementor-button elementor-button-link elementor-size-sm\" href=\"#\">\n\t\t\t\t\t\t<span class=\"elementor-button-content-wrapper\">\n\t\t\t\t\t\t<span class=\"elementor-button-text\">Kontakt<\/span>\n\t\t<\/span>\n\t\t\t\t\t<\/a>\n\t\t<\/div>\n\t\t\t\t<\/div>\n\t\t\t\t<\/div>\n\t\t\t\t<\/div>\n\t\t<div class=\"elementor-element elementor-element-1348c907 e-con-full e-flex e-con e-child\" data-id=\"1348c907\" data-element_type=\"container\" data-settings=\"{&quot;content_width&quot;:&quot;full&quot;,&quot;container_type&quot;:&quot;flex&quot;}\">\n\t\t\t\t<div class=\"elementor-element elementor-element-1a462484 elementor-widget-mobile__width-inherit elementor-widget-tablet__width-inherit elementor-invisible elementor-widget elementor-widget-image\" data-id=\"1a462484\" data-element_type=\"widget\" data-settings=\"{&quot;_animation&quot;:&quot;slideInDown&quot;,&quot;_animation_tablet&quot;:&quot;slideInLeft&quot;}\" data-widget_type=\"image.default\">\n\t\t\t\t<div class=\"elementor-widget-container\">\n\t\t\t\t\t\t\t\t\t\t\t\t\t\t\t<img loading=\"lazy\" decoding=\"async\" width=\"768\" height=\"955\" src=\"https:\/\/jjk.merioscloud.de\/wp-content\/uploads\/2023\/12\/SKFM-Team-8790birgit_langenbahn2-768x955.jpg\" class=\"attachment-medium_large size-medium_large wp-image-2735\" alt=\"\" srcset=\"https:\/\/jjk.merioscloud.de\/wp-content\/uploads\/2023\/12\/SKFM-Team-8790birgit_langenbahn2-768x955.jpg 768w, https:\/\/jjk.merioscloud.de\/wp-content\/uploads\/2023\/12\/SKFM-Team-8790birgit_langenbahn2-241x300.jpg 241w, https:\/\/jjk.merioscloud.de\/wp-content\/uploads\/2023\/12\/SKFM-Team-8790birgit_langenbahn2-824x1024.jpg 824w, https:\/\/jjk.merioscloud.de\/wp-content\/uploads\/2023\/12\/SKFM-Team-8790birgit_langenbahn2-1235x1536.jpg 1235w, https:\/\/jjk.merioscloud.de\/wp-content\/uploads\/2023\/12\/SKFM-Team-8790birgit_langenbahn2-1647x2048.jpg 1647w\" sizes=\"auto, (max-width: 768px) 100vw, 768px\" \/>\t\t\t\t\t\t\t\t\t\t\t\t\t\t\t<\/div>\n\t\t\t\t<\/div>\n\t\t\t\t<div class=\"elementor-element elementor-element-d730941 elementor-widget elementor-widget-heading\" data-id=\"d730941\" data-element_type=\"widget\" data-widget_type=\"heading.default\">\n\t\t\t\t<div class=\"elementor-widget-container\">\n\t\t\t<h2 class=\"elementor-heading-title elementor-size-default\">Birgit Langenbahn<\/h2>\t\t<\/div>\n\t\t\t\t<\/div>\n\t\t\t\t<div class=\"elementor-element elementor-element-b97320a elementor-widget elementor-widget-text-editor\" data-id=\"b97320a\" data-element_type=\"widget\" data-widget_type=\"text-editor.default\">\n\t\t\t\t<div class=\"elementor-widget-container\">\n\t\t\t\t\t\t\t<p>Dipl. Sozialarbeiterin\/Sozialp\u00e4dagogin<br \/>Tel.: 06821 \u2013 913799<br \/>Mail: b.langenbahn@skfm-nk.de<\/p>\t\t\t\t\t\t<\/div>\n\t\t\t\t<\/div>\n\t\t\t\t<\/div>\n\t\t<div class=\"elementor-element elementor-element-51f6471 e-con-full e-flex e-con e-child\" data-id=\"51f6471\" data-element_type=\"container\" data-settings=\"{&quot;content_width&quot;:&quot;full&quot;,&quot;container_type&quot;:&quot;flex&quot;}\">\n\t\t\t\t<div class=\"elementor-element elementor-element-75f438b5 elementor-widget-mobile__width-inherit elementor-widget-tablet__width-inherit elementor-invisible elementor-widget elementor-widget-image\" data-id=\"75f438b5\" data-element_type=\"widget\" data-settings=\"{&quot;_animation_tablet&quot;:&quot;slideInRight&quot;,&quot;_animation&quot;:&quot;slideInDown&quot;,&quot;_animation_delay&quot;:300}\" data-widget_type=\"image.default\">\n\t\t\t\t<div class=\"elementor-widget-container\">\n\t\t\t\t\t\t\t\t\t\t\t\t\t\t\t<img loading=\"lazy\" decoding=\"async\" width=\"768\" height=\"955\" src=\"https:\/\/jjk.merioscloud.de\/wp-content\/uploads\/2023\/11\/SKFM_Team_Nina_Heinrich-768x955.jpg\" class=\"attachment-medium_large size-medium_large wp-image-1237\" alt=\"\" srcset=\"https:\/\/jjk.merioscloud.de\/wp-content\/uploads\/2023\/11\/SKFM_Team_Nina_Heinrich-768x955.jpg 768w, https:\/\/jjk.merioscloud.de\/wp-content\/uploads\/2023\/11\/SKFM_Team_Nina_Heinrich-241x300.jpg 241w, https:\/\/jjk.merioscloud.de\/wp-content\/uploads\/2023\/11\/SKFM_Team_Nina_Heinrich-824x1024.jpg 824w, https:\/\/jjk.merioscloud.de\/wp-content\/uploads\/2023\/11\/SKFM_Team_Nina_Heinrich-1235x1536.jpg 1235w, https:\/\/jjk.merioscloud.de\/wp-content\/uploads\/2023\/11\/SKFM_Team_Nina_Heinrich-1647x2048.jpg 1647w\" sizes=\"auto, (max-width: 768px) 100vw, 768px\" \/>\t\t\t\t\t\t\t\t\t\t\t\t\t\t\t<\/div>\n\t\t\t\t<\/div>\n\t\t\t\t<div class=\"elementor-element elementor-element-a99ed75 elementor-widget elementor-widget-heading\" data-id=\"a99ed75\" data-element_type=\"widget\" data-widget_type=\"heading.default\">\n\t\t\t\t<div class=\"elementor-widget-container\">\n\t\t\t<h2 class=\"elementor-heading-title elementor-size-default\">Nina Heinrich<\/h2>\t\t<\/div>\n\t\t\t\t<\/div>\n\t\t\t\t<div class=\"elementor-element elementor-element-6283e6a elementor-widget elementor-widget-text-editor\" data-id=\"6283e6a\" data-element_type=\"widget\" data-widget_type=\"text-editor.default\">\n\t\t\t\t<div class=\"elementor-widget-container\">\n\t\t\t\t\t\t\t<p>Sozialarbeiterin\/Sozialp\u00e4dagogin<br \/>Master of Eval<br \/>Mail: n.heinrich@skfm-nk.de<\/p>\t\t\t\t\t\t<\/div>\n\t\t\t\t<\/div>\n\t\t\t\t<\/div>\n\t\t<div class=\"elementor-element elementor-element-0464911 e-con-full e-flex e-con e-child\" data-id=\"0464911\" data-element_type=\"container\" data-settings=\"{&quot;content_width&quot;:&quot;full&quot;,&quot;container_type&quot;:&quot;flex&quot;}\">\n\t\t\t\t<div class=\"elementor-element elementor-element-1772f2c elementor-widget-mobile__width-inherit elementor-widget-tablet__width-inherit elementor-invisible elementor-widget elementor-widget-image\" data-id=\"1772f2c\" data-element_type=\"widget\" data-settings=\"{&quot;_animation_tablet&quot;:&quot;slideInRight&quot;,&quot;_animation&quot;:&quot;slideInDown&quot;,&quot;_animation_delay&quot;:300}\" data-widget_type=\"image.default\">\n\t\t\t\t<div class=\"elementor-widget-container\">\n\t\t\t\t\t\t\t\t\t\t\t\t\t\t\t<img loading=\"lazy\" decoding=\"async\" width=\"768\" height=\"954\" src=\"https:\/\/jjk.merioscloud.de\/wp-content\/uploads\/2023\/12\/SKFM_Team-Martin_Eisenbeis5-768x954.jpg\" class=\"attachment-medium_large size-medium_large wp-image-2757\" alt=\"\" srcset=\"https:\/\/jjk.merioscloud.de\/wp-content\/uploads\/2023\/12\/SKFM_Team-Martin_Eisenbeis5-768x954.jpg 768w, https:\/\/jjk.merioscloud.de\/wp-content\/uploads\/2023\/12\/SKFM_Team-Martin_Eisenbeis5-241x300.jpg 241w, https:\/\/jjk.merioscloud.de\/wp-content\/uploads\/2023\/12\/SKFM_Team-Martin_Eisenbeis5-824x1024.jpg 824w, https:\/\/jjk.merioscloud.de\/wp-content\/uploads\/2023\/12\/SKFM_Team-Martin_Eisenbeis5-1236x1536.jpg 1236w, https:\/\/jjk.merioscloud.de\/wp-content\/uploads\/2023\/12\/SKFM_Team-Martin_Eisenbeis5-1648x2048.jpg 1648w\" sizes=\"auto, (max-width: 768px) 100vw, 768px\" \/>\t\t\t\t\t\t\t\t\t\t\t\t\t\t\t<\/div>\n\t\t\t\t<\/div>\n\t\t\t\t<div class=\"elementor-element elementor-element-cc59f88 elementor-widget elementor-widget-heading\" data-id=\"cc59f88\" data-element_type=\"widget\" data-widget_type=\"heading.default\">\n\t\t\t\t<div class=\"elementor-widget-container\">\n\t\t\t<h2 class=\"elementor-heading-title elementor-size-default\">Martin Eisenbeis<\/h2>\t\t<\/div>\n\t\t\t\t<\/div>\n\t\t\t\t<div class=\"elementor-element elementor-element-dd6ef20 elementor-widget elementor-widget-text-editor\" data-id=\"dd6ef20\" data-element_type=\"widget\" data-widget_type=\"text-editor.default\">\n\t\t\t\t<div class=\"elementor-widget-container\">\n\t\t\t\t\t\t\t<p>Dipl. Sozialarbeiterin\/Sozialp\u00e4dagogin<br \/>Tel.: 06821 \u2013 913799<br \/>Mail: m.eisenbeis@skfm-nk.de<\/p>\t\t\t\t\t\t<\/div>\n\t\t\t\t<\/div>\n\t\t\t\t<\/div>\n\t\t\t\t<\/div>\n\t\t\t\t\t\t\t<\/div>\n\t\t","protected":false},"excerpt":{"rendered":"<p>Willkommen beim Sozialdienst katholischer Frauen und M\u00e4nner f\u00fcr den Landkreis Neunkirchen SKFM. Ihr Ansprechpartner bei Fragen zum Betreuungsrecht und zu Vorsorgem\u00f6glichkeiten. Menschen sollen bleiben wie sie sind. Wir helfen dabei.\u00a0 [&hellip;]<\/p>\n","protected":false},"author":1,"featured_media":0,"parent":0,"menu_order":0,"comment_status":"closed","ping_status":"closed","template":"elementor_header_footer","meta":{"footnotes":""},"class_list":["post-86","page","type-page","status-publish","hentry"],"_links":{"self":[{"href":"https:\/\/jjk.merioscloud.de\/index.php\/wp-json\/wp\/v2\/pages\/86","targetHints":{"allow":["GET"]}}],"collection":[{"href":"https:\/\/jjk.merioscloud.de\/index.php\/wp-json\/wp\/v2\/pages"}],"about":[{"href":"https:\/\/jjk.merioscloud.de\/index.php\/wp-json\/wp\/v2\/types\/page"}],"author":[{"embeddable":true,"href":"https:\/\/jjk.merioscloud.de\/index.php\/wp-json\/wp\/v2\/users\/1"}],"replies":[{"embeddable":true,"href":"https:\/\/jjk.merioscloud.de\/index.php\/wp-json\/wp\/v2\/comments?post=86"}],"version-history":[{"count":394,"href":"https:\/\/jjk.merioscloud.de\/index.php\/wp-json\/wp\/v2\/pages\/86\/revisions"}],"predecessor-version":[{"id":3172,"href":"https:\/\/jjk.merioscloud.de\/index.php\/wp-json\/wp\/v2\/pages\/86\/revisions\/3172"}],"wp:attachment":[{"href":"https:\/\/jjk.merioscloud.de\/index.php\/wp-json\/wp\/v2\/media?parent=86"}],"curies":[{"name":"wp","href":"https:\/\/api.w.org\/{rel}","templated":true}]}}