{"id":594,"date":"2023-10-17T14:56:53","date_gmt":"2023-10-17T14:56:53","guid":{"rendered":"https:\/\/jjk.merioscloud.de\/?page_id=594"},"modified":"2023-12-21T13:20:31","modified_gmt":"2023-12-21T13:20:31","slug":"versicherungen-fuer-betreuerinnen","status":"publish","type":"page","link":"https:\/\/jjk.merioscloud.de\/index.php\/versicherungen-fuer-betreuerinnen\/","title":{"rendered":"Versicherungen f\u00fcr BetreuerInnen"},"content":{"rendered":"\t\t<div data-elementor-type=\"wp-page\" data-elementor-id=\"594\" class=\"elementor elementor-594\">\n\t\t\t\t\t\t\t<div class=\"elementor-element elementor-element-2eb6b40b e-flex e-con-boxed e-con e-child\" data-id=\"2eb6b40b\" data-element_type=\"container\" data-settings=\"{&quot;container_type&quot;:&quot;flex&quot;,&quot;content_width&quot;:&quot;boxed&quot;}\">\n\t\t\t\t\t<div class=\"e-con-inner\">\n\t\t\t\t<div class=\"elementor-element elementor-element-6c4babe5 elementor-widget__width-inherit elementor-widget-divider--view-line elementor-invisible elementor-widget elementor-widget-divider\" data-id=\"6c4babe5\" data-element_type=\"widget\" data-settings=\"{&quot;_animation&quot;:&quot;fadeInLeft&quot;}\" data-widget_type=\"divider.default\">\n\t\t\t\t<div class=\"elementor-widget-container\">\n\t\t\t<style>\/*! elementor - v3.16.0 - 09-10-2023 *\/\n.elementor-widget-divider{--divider-border-style:none;--divider-border-width:1px;--divider-color:#0c0d0e;--divider-icon-size:20px;--divider-element-spacing:10px;--divider-pattern-height:24px;--divider-pattern-size:20px;--divider-pattern-url:none;--divider-pattern-repeat:repeat-x}.elementor-widget-divider .elementor-divider{display:flex}.elementor-widget-divider .elementor-divider__text{font-size:15px;line-height:1;max-width:95%}.elementor-widget-divider .elementor-divider__element{margin:0 var(--divider-element-spacing);flex-shrink:0}.elementor-widget-divider .elementor-icon{font-size:var(--divider-icon-size)}.elementor-widget-divider .elementor-divider-separator{display:flex;margin:0;direction:ltr}.elementor-widget-divider--view-line_icon .elementor-divider-separator,.elementor-widget-divider--view-line_text .elementor-divider-separator{align-items:center}.elementor-widget-divider--view-line_icon .elementor-divider-separator:after,.elementor-widget-divider--view-line_icon .elementor-divider-separator:before,.elementor-widget-divider--view-line_text .elementor-divider-separator:after,.elementor-widget-divider--view-line_text .elementor-divider-separator:before{display:block;content:\"\";border-bottom:0;flex-grow:1;border-top:var(--divider-border-width) var(--divider-border-style) var(--divider-color)}.elementor-widget-divider--element-align-left .elementor-divider .elementor-divider-separator>.elementor-divider__svg:first-of-type{flex-grow:0;flex-shrink:100}.elementor-widget-divider--element-align-left .elementor-divider-separator:before{content:none}.elementor-widget-divider--element-align-left .elementor-divider__element{margin-left:0}.elementor-widget-divider--element-align-right .elementor-divider .elementor-divider-separator>.elementor-divider__svg:last-of-type{flex-grow:0;flex-shrink:100}.elementor-widget-divider--element-align-right .elementor-divider-separator:after{content:none}.elementor-widget-divider--element-align-right .elementor-divider__element{margin-right:0}.elementor-widget-divider:not(.elementor-widget-divider--view-line_text):not(.elementor-widget-divider--view-line_icon) .elementor-divider-separator{border-top:var(--divider-border-width) var(--divider-border-style) var(--divider-color)}.elementor-widget-divider--separator-type-pattern{--divider-border-style:none}.elementor-widget-divider--separator-type-pattern.elementor-widget-divider--view-line .elementor-divider-separator,.elementor-widget-divider--separator-type-pattern:not(.elementor-widget-divider--view-line) .elementor-divider-separator:after,.elementor-widget-divider--separator-type-pattern:not(.elementor-widget-divider--view-line) .elementor-divider-separator:before,.elementor-widget-divider--separator-type-pattern:not([class*=elementor-widget-divider--view]) .elementor-divider-separator{width:100%;min-height:var(--divider-pattern-height);-webkit-mask-size:var(--divider-pattern-size) 100%;mask-size:var(--divider-pattern-size) 100%;-webkit-mask-repeat:var(--divider-pattern-repeat);mask-repeat:var(--divider-pattern-repeat);background-color:var(--divider-color);-webkit-mask-image:var(--divider-pattern-url);mask-image:var(--divider-pattern-url)}.elementor-widget-divider--no-spacing{--divider-pattern-size:auto}.elementor-widget-divider--bg-round{--divider-pattern-repeat:round}.rtl .elementor-widget-divider .elementor-divider__text{direction:rtl}.e-con-inner>.elementor-widget-divider,.e-con>.elementor-widget-divider{width:var(--container-widget-width,100%);--flex-grow:var(--container-widget-flex-grow)}<\/style>\t\t<div class=\"elementor-divider\">\n\t\t\t<span class=\"elementor-divider-separator\">\n\t\t\t\t\t\t<\/span>\n\t\t<\/div>\n\t\t\t\t<\/div>\n\t\t\t\t<\/div>\n\t\t\t\t<div class=\"elementor-element elementor-element-79cda25a elementor-widget__width-initial elementor-widget-tablet__width-inherit elementor-widget elementor-widget-heading\" data-id=\"79cda25a\" data-element_type=\"widget\" data-widget_type=\"heading.default\">\n\t\t\t\t<div class=\"elementor-widget-container\">\n\t\t\t<style>\/*! elementor - v3.16.0 - 09-10-2023 *\/\n.elementor-heading-title{padding:0;margin:0;line-height:1}.elementor-widget-heading .elementor-heading-title[class*=elementor-size-]>a{color:inherit;font-size:inherit;line-height:inherit}.elementor-widget-heading .elementor-heading-title.elementor-size-small{font-size:15px}.elementor-widget-heading .elementor-heading-title.elementor-size-medium{font-size:19px}.elementor-widget-heading .elementor-heading-title.elementor-size-large{font-size:29px}.elementor-widget-heading .elementor-heading-title.elementor-size-xl{font-size:39px}.elementor-widget-heading .elementor-heading-title.elementor-size-xxl{font-size:59px}<\/style><h2 class=\"elementor-heading-title elementor-size-default\">Versicherungen f\u00fcr BetreuerInnen<\/h2>\t\t<\/div>\n\t\t\t\t<\/div>\n\t\t\t\t<div class=\"elementor-element elementor-element-2cc55fdd elementor-widget__width-initial elementor-widget-tablet__width-inherit elementor-widget elementor-widget-text-editor\" data-id=\"2cc55fdd\" data-element_type=\"widget\" data-widget_type=\"text-editor.default\">\n\t\t\t\t<div class=\"elementor-widget-container\">\n\t\t\t<style>\/*! elementor - v3.16.0 - 09-10-2023 *\/\n.elementor-widget-text-editor.elementor-drop-cap-view-stacked .elementor-drop-cap{background-color:#69727d;color:#fff}.elementor-widget-text-editor.elementor-drop-cap-view-framed .elementor-drop-cap{color:#69727d;border:3px solid;background-color:transparent}.elementor-widget-text-editor:not(.elementor-drop-cap-view-default) .elementor-drop-cap{margin-top:8px}.elementor-widget-text-editor:not(.elementor-drop-cap-view-default) .elementor-drop-cap-letter{width:1em;height:1em}.elementor-widget-text-editor .elementor-drop-cap{float:left;text-align:center;line-height:1;font-size:50px}.elementor-widget-text-editor .elementor-drop-cap-letter{display:inline-block}<\/style>\t\t\t\t<p><strong>Versicherungen f\u00fcr BetreuerInnen<\/strong> <br \/>BetreuerInnen, die ehrenamtlich eine Betreuung \u00fcbernommen haben, sind automatisch mit der Bestellung durch das Amtsgericht im Rahmen einer Verm\u00f6gensschaden-Haftpflichtversicherung \u00fcber das Saarland versichert.<\/p><p>Sind BetreuerInnen in einem Betreuungsverein Mitglied, so muss der Verein nach den Bestimmungen des <a href=\"https:\/\/www.buzer.de\/s1.htm?a=14&amp;g=BtOG\" target=\"_blank\" rel=\"noopener\"><span style=\"text-decoration: underline;\"><strong>\u00a7 14 Absatz 1 Nr. 2 BtOG<\/strong><\/span><\/a> (Betreuungsorganisationsgesetz) daf\u00fcr Sorge tragen, dass die BetreuerInnen &#8222;gegen Sch\u00e4den, die sie im Rahmen ihrer T\u00e4tigkeit anderen zuf\u00fcgen k\u00f6nnen, angemessen versichert werden&#8220;.<\/p><p>F\u00fcr Mitglieder im SKFM Neunkirchen bestehen folgende Versicherungen:<\/p><p><strong>Verm\u00f6genschaden-Haftpflichtversicherung<\/strong><\/p><ul><li>reguliert Verm\u00f6genssch\u00e4den, die die\/der BetreuerIn der\/dem Betreuten zuf\u00fcgt. Es wird beispielsweise vergessen, ein Antrag auf \u00dcbernahme von Heimkosten zu stellen, so dass es zu einem Zahlungsverzug bzw. Zahlungsausfall kommt.<\/li><\/ul><p><strong>Haftpflichtversicherung<\/strong><\/p><ul><li>reguliert Sch\u00e4den (in der Regel Sachsch\u00e4den), die die\/der BetreuerIn im Rahmen ihrer\/seiner Betreuert\u00e4tigkeit Dritten zuf\u00fcgt.<\/li><\/ul><p><strong>Kasko-Versicherung<br \/><\/strong><\/p><ul><li>versichert Sch\u00e4den am PKW, die im Rahmen der Betreuert\u00e4tigkeit durch einen verschuldeten Unfall verursacht werden.<\/li><\/ul><p><strong><br \/><\/strong><strong>Rechtsschutz-Versicherung<\/strong><\/p><ul><li>gibt die M\u00f6glichkeit, im Falle einer ungerechtfertigten Anschuldigung sich Rechtsbeistand einzuholen.<\/li><\/ul><p><strong>Unfallversicherung<\/strong><\/p><ul><li>Unfallversicherung im Rahmen der Berufsgenossenschaft f\u00fcr Gesundheitsdienste und Wohlfahrtspflege.<\/li><\/ul><p>F\u00fcr alle Versicherungen gilt, dass Sch\u00e4den nur bei schuldhaftem Handeln der Betreuerin\/des Betreuers reguliert werden.<\/p>\t\t\t\t\t\t<\/div>\n\t\t\t\t<\/div>\n\t\t\t\t\t<\/div>\n\t\t\t\t<\/div>\n\t\t\t\t\t\t\t<\/div>\n\t\t","protected":false},"excerpt":{"rendered":"<p>Versicherungen f\u00fcr BetreuerInnen Versicherungen f\u00fcr BetreuerInnen BetreuerInnen, die ehrenamtlich eine Betreuung \u00fcbernommen haben, sind automatisch mit der Bestellung durch das Amtsgericht im Rahmen einer Verm\u00f6gensschaden-Haftpflichtversicherung \u00fcber das Saarland versichert. Sind [&hellip;]<\/p>\n","protected":false},"author":1,"featured_media":0,"parent":0,"menu_order":0,"comment_status":"closed","ping_status":"closed","template":"","meta":{"footnotes":""},"class_list":["post-594","page","type-page","status-publish","hentry"],"_links":{"self":[{"href":"https:\/\/jjk.merioscloud.de\/index.php\/wp-json\/wp\/v2\/pages\/594","targetHints":{"allow":["GET"]}}],"collection":[{"href":"https:\/\/jjk.merioscloud.de\/index.php\/wp-json\/wp\/v2\/pages"}],"about":[{"href":"https:\/\/jjk.merioscloud.de\/index.php\/wp-json\/wp\/v2\/types\/page"}],"author":[{"embeddable":true,"href":"https:\/\/jjk.merioscloud.de\/index.php\/wp-json\/wp\/v2\/users\/1"}],"replies":[{"embeddable":true,"href":"https:\/\/jjk.merioscloud.de\/index.php\/wp-json\/wp\/v2\/comments?post=594"}],"version-history":[{"count":34,"href":"https:\/\/jjk.merioscloud.de\/index.php\/wp-json\/wp\/v2\/pages\/594\/revisions"}],"predecessor-version":[{"id":3021,"href":"https:\/\/jjk.merioscloud.de\/index.php\/wp-json\/wp\/v2\/pages\/594\/revisions\/3021"}],"wp:attachment":[{"href":"https:\/\/jjk.merioscloud.de\/index.php\/wp-json\/wp\/v2\/media?parent=594"}],"curies":[{"name":"wp","href":"https:\/\/api.w.org\/{rel}","templated":true}]}}