{"id":565,"date":"2023-10-17T14:18:57","date_gmt":"2023-10-17T14:18:57","guid":{"rendered":"https:\/\/jjk.merioscloud.de\/?page_id=565"},"modified":"2023-12-21T11:58:03","modified_gmt":"2023-12-21T11:58:03","slug":"patientenverfuegung","status":"publish","type":"page","link":"https:\/\/jjk.merioscloud.de\/index.php\/patientenverfuegung\/","title":{"rendered":"Patientenverf\u00fcgung"},"content":{"rendered":"\t\t<div data-elementor-type=\"wp-page\" data-elementor-id=\"565\" class=\"elementor elementor-565\">\n\t\t\t\t\t\t\t<div class=\"elementor-element elementor-element-4a01a57e e-flex e-con-boxed e-con e-child\" data-id=\"4a01a57e\" data-element_type=\"container\" data-settings=\"{&quot;container_type&quot;:&quot;flex&quot;,&quot;content_width&quot;:&quot;boxed&quot;}\">\n\t\t\t\t\t<div class=\"e-con-inner\">\n\t\t\t\t<div class=\"elementor-element elementor-element-102cfe3f elementor-widget__width-inherit elementor-widget-divider--view-line elementor-invisible elementor-widget elementor-widget-divider\" data-id=\"102cfe3f\" data-element_type=\"widget\" data-settings=\"{&quot;_animation&quot;:&quot;fadeInLeft&quot;}\" data-widget_type=\"divider.default\">\n\t\t\t\t<div class=\"elementor-widget-container\">\n\t\t\t<style>\/*! elementor - v3.16.0 - 09-10-2023 *\/\n.elementor-widget-divider{--divider-border-style:none;--divider-border-width:1px;--divider-color:#0c0d0e;--divider-icon-size:20px;--divider-element-spacing:10px;--divider-pattern-height:24px;--divider-pattern-size:20px;--divider-pattern-url:none;--divider-pattern-repeat:repeat-x}.elementor-widget-divider .elementor-divider{display:flex}.elementor-widget-divider .elementor-divider__text{font-size:15px;line-height:1;max-width:95%}.elementor-widget-divider .elementor-divider__element{margin:0 var(--divider-element-spacing);flex-shrink:0}.elementor-widget-divider .elementor-icon{font-size:var(--divider-icon-size)}.elementor-widget-divider .elementor-divider-separator{display:flex;margin:0;direction:ltr}.elementor-widget-divider--view-line_icon .elementor-divider-separator,.elementor-widget-divider--view-line_text .elementor-divider-separator{align-items:center}.elementor-widget-divider--view-line_icon .elementor-divider-separator:after,.elementor-widget-divider--view-line_icon .elementor-divider-separator:before,.elementor-widget-divider--view-line_text .elementor-divider-separator:after,.elementor-widget-divider--view-line_text .elementor-divider-separator:before{display:block;content:\"\";border-bottom:0;flex-grow:1;border-top:var(--divider-border-width) var(--divider-border-style) var(--divider-color)}.elementor-widget-divider--element-align-left .elementor-divider .elementor-divider-separator>.elementor-divider__svg:first-of-type{flex-grow:0;flex-shrink:100}.elementor-widget-divider--element-align-left .elementor-divider-separator:before{content:none}.elementor-widget-divider--element-align-left .elementor-divider__element{margin-left:0}.elementor-widget-divider--element-align-right .elementor-divider .elementor-divider-separator>.elementor-divider__svg:last-of-type{flex-grow:0;flex-shrink:100}.elementor-widget-divider--element-align-right .elementor-divider-separator:after{content:none}.elementor-widget-divider--element-align-right .elementor-divider__element{margin-right:0}.elementor-widget-divider:not(.elementor-widget-divider--view-line_text):not(.elementor-widget-divider--view-line_icon) .elementor-divider-separator{border-top:var(--divider-border-width) var(--divider-border-style) var(--divider-color)}.elementor-widget-divider--separator-type-pattern{--divider-border-style:none}.elementor-widget-divider--separator-type-pattern.elementor-widget-divider--view-line .elementor-divider-separator,.elementor-widget-divider--separator-type-pattern:not(.elementor-widget-divider--view-line) .elementor-divider-separator:after,.elementor-widget-divider--separator-type-pattern:not(.elementor-widget-divider--view-line) .elementor-divider-separator:before,.elementor-widget-divider--separator-type-pattern:not([class*=elementor-widget-divider--view]) .elementor-divider-separator{width:100%;min-height:var(--divider-pattern-height);-webkit-mask-size:var(--divider-pattern-size) 100%;mask-size:var(--divider-pattern-size) 100%;-webkit-mask-repeat:var(--divider-pattern-repeat);mask-repeat:var(--divider-pattern-repeat);background-color:var(--divider-color);-webkit-mask-image:var(--divider-pattern-url);mask-image:var(--divider-pattern-url)}.elementor-widget-divider--no-spacing{--divider-pattern-size:auto}.elementor-widget-divider--bg-round{--divider-pattern-repeat:round}.rtl .elementor-widget-divider .elementor-divider__text{direction:rtl}.e-con-inner>.elementor-widget-divider,.e-con>.elementor-widget-divider{width:var(--container-widget-width,100%);--flex-grow:var(--container-widget-flex-grow)}<\/style>\t\t<div class=\"elementor-divider\">\n\t\t\t<span class=\"elementor-divider-separator\">\n\t\t\t\t\t\t<\/span>\n\t\t<\/div>\n\t\t\t\t<\/div>\n\t\t\t\t<\/div>\n\t\t\t\t<div class=\"elementor-element elementor-element-63246baf elementor-widget__width-initial elementor-widget-tablet__width-inherit elementor-widget elementor-widget-heading\" data-id=\"63246baf\" data-element_type=\"widget\" data-widget_type=\"heading.default\">\n\t\t\t\t<div class=\"elementor-widget-container\">\n\t\t\t<style>\/*! elementor - v3.16.0 - 09-10-2023 *\/\n.elementor-heading-title{padding:0;margin:0;line-height:1}.elementor-widget-heading .elementor-heading-title[class*=elementor-size-]>a{color:inherit;font-size:inherit;line-height:inherit}.elementor-widget-heading .elementor-heading-title.elementor-size-small{font-size:15px}.elementor-widget-heading .elementor-heading-title.elementor-size-medium{font-size:19px}.elementor-widget-heading .elementor-heading-title.elementor-size-large{font-size:29px}.elementor-widget-heading .elementor-heading-title.elementor-size-xl{font-size:39px}.elementor-widget-heading .elementor-heading-title.elementor-size-xxl{font-size:59px}<\/style><h2 class=\"elementor-heading-title elementor-size-default\">Patientenverf\u00fcgung<\/h2>\t\t<\/div>\n\t\t\t\t<\/div>\n\t\t\t\t<div class=\"elementor-element elementor-element-1831cf74 elementor-widget__width-initial elementor-widget-tablet__width-inherit elementor-widget elementor-widget-text-editor\" data-id=\"1831cf74\" data-element_type=\"widget\" data-widget_type=\"text-editor.default\">\n\t\t\t\t<div class=\"elementor-widget-container\">\n\t\t\t<style>\/*! elementor - v3.16.0 - 09-10-2023 *\/\n.elementor-widget-text-editor.elementor-drop-cap-view-stacked .elementor-drop-cap{background-color:#69727d;color:#fff}.elementor-widget-text-editor.elementor-drop-cap-view-framed .elementor-drop-cap{color:#69727d;border:3px solid;background-color:transparent}.elementor-widget-text-editor:not(.elementor-drop-cap-view-default) .elementor-drop-cap{margin-top:8px}.elementor-widget-text-editor:not(.elementor-drop-cap-view-default) .elementor-drop-cap-letter{width:1em;height:1em}.elementor-widget-text-editor .elementor-drop-cap{float:left;text-align:center;line-height:1;font-size:50px}.elementor-widget-text-editor .elementor-drop-cap-letter{display:inline-block}<\/style>\t\t\t\t<p>Jeder Mensch hat das Recht, selbstbestimmt zu entscheiden, wie er medizinisch behandelt werden m\u00f6chte. Die\/der ArztIn stellt eine Erkrankung fest und r\u00e4t zu einer Behandlung. Die\/der PatientIn entscheidet, ob sie\/er sich behandeln lassen m\u00f6chte.<\/p><p>Mit der Patientenverf\u00fcgung wird f\u00fcr den Fall vorgesorgt, wenn die\/der PatientIn selbst nicht mehr entscheidungsf\u00e4hig ist. In der Patientenverf\u00fcgung ist eine Anweisung niedergeschrieben, wie die\/der rechtliche VertreterIn (Bevollm\u00e4chtigte\/r oder BetreuerIn) in bestimmten Situationen entscheiden soll.<\/p><p><strong>Ist sie \u00fcberhaupt wirksam?<\/strong><br \/>Die Patientenverf\u00fcgung ist so lange wirksam, bis sie widerrufen wird. Im Gesetz zur Patientenverf\u00fcgung steht, dass die\/der Bevollm\u00e4chtigte bzw. BetreuerIn \u201e \u2026dem Willen des Betreuten Ausdruck und Geltung zu verschaffen hat\u201c. Sowohl die\/der Bevollm\u00e4chtigte bzw. BetreuerIn als auch die\/der ArztIn m\u00fcssen den Patientenwillen respektieren.<\/p><p><strong>Wo muss sie hinterlegt werden?<\/strong><br \/>Die Patientenverf\u00fcgung sollte so hinterlegt sein, dass die\/der Bevollm\u00e4chtigte bzw. BetreuerIn jederzeit auf sie Zugriff hat. Das Original der Patientenverf\u00fcgung sollte nicht beim Hausarzt hinterlegt werde, da dieser abends, an Wochenenden und in seinem Urlaub nicht verf\u00fcgbar ist.<\/p><p><strong>Tipp:<\/strong><br \/>F\u00fchren Sie stets eine <a href=\"https:\/\/jjk.merioscloud.de\/index.php\/notfallkarte\/\"><strong><span style=\"text-decoration: underline;\">Notfallkarte<\/span><\/strong><\/a> mit sich, um auf Ihre Betreuungsverf\u00fcgung hinweisen.<\/p>\t\t\t\t\t\t<\/div>\n\t\t\t\t<\/div>\n\t\t\t\t\t<\/div>\n\t\t\t\t<\/div>\n\t\t<div class=\"elementor-element elementor-element-5a0d478 e-flex e-con-boxed e-con e-child\" data-id=\"5a0d478\" data-element_type=\"container\" data-settings=\"{&quot;container_type&quot;:&quot;flex&quot;,&quot;content_width&quot;:&quot;boxed&quot;}\">\n\t\t\t\t\t<div class=\"e-con-inner\">\n\t\t\t\t<div class=\"elementor-element elementor-element-5528016 elementor-widget elementor-widget-image\" data-id=\"5528016\" data-element_type=\"widget\" data-widget_type=\"image.default\">\n\t\t\t\t<div class=\"elementor-widget-container\">\n\t\t\t<style>\/*! elementor - v3.16.0 - 09-10-2023 *\/\n.elementor-widget-image{text-align:center}.elementor-widget-image a{display:inline-block}.elementor-widget-image a img[src$=\".svg\"]{width:48px}.elementor-widget-image img{vertical-align:middle;display:inline-block}<\/style>\t\t\t\t\t\t\t\t\t\t\t\t\t<a href=\"https:\/\/jjk.merioscloud.de\/wp-content\/uploads\/2023\/12\/Patientenverfuegung-BJM.pdf\" target=\"_blank\">\n\t\t\t\t\t\t\t<img decoding=\"async\" src=\"https:\/\/jjk.merioscloud.de\/wp-content\/uploads\/elementor\/thumbs\/Titel-Patientenverfuegung-qguk032o7o6tt48jq0hag1jfsrfj7djsxo27owg11s.jpg\" title=\"Titel-Patientenverfu\u0308gung\" alt=\"Titel-Patientenverfu\u0308gung\" loading=\"lazy\" \/>\t\t\t\t\t\t\t\t<\/a>\n\t\t\t\t\t\t\t\t\t\t\t\t\t\t\t<\/div>\n\t\t\t\t<\/div>\n\t\t\t\t<div class=\"elementor-element elementor-element-7be1871 elementor-widget__width-initial elementor-widget-mobile__width-initial elementor-widget elementor-widget-text-editor\" data-id=\"7be1871\" data-element_type=\"widget\" data-widget_type=\"text-editor.default\">\n\t\t\t\t<div class=\"elementor-widget-container\">\n\t\t\t\t\t\t\t<p style=\"text-align: left;\">Brosch\u00fcre Patientenverfu\u0308gung des Bundesministerium f\u00fcr Justiz<\/p>\t\t\t\t\t\t<\/div>\n\t\t\t\t<\/div>\n\t\t\t\t<div class=\"elementor-element elementor-element-f7eb97c elementor-widget elementor-widget-image\" data-id=\"f7eb97c\" data-element_type=\"widget\" data-widget_type=\"image.default\">\n\t\t\t\t<div class=\"elementor-widget-container\">\n\t\t\t\t\t\t\t\t\t\t\t\t\t\t\t\t<a href=\"https:\/\/jjk.merioscloud.de\/wp-content\/uploads\/2023\/12\/Patientenverfuegung_Leichte-Sprache-Sozialministerium.pdf\" target=\"_blank\">\n\t\t\t\t\t\t\t<img decoding=\"async\" src=\"https:\/\/jjk.merioscloud.de\/wp-content\/uploads\/elementor\/thumbs\/Titel-Patientenverfuegung-in-leichter-sprache-qgujtrlq9rjfrheyma5komxw1ikpgmgree6pjxtavk.jpg\" title=\"Titel-Patientenverfu\u0308gung-in-leichter-sprache\" alt=\"Titel-Patientenverfu\u0308gung-in-leichter-sprache\" loading=\"lazy\" \/>\t\t\t\t\t\t\t\t<\/a>\n\t\t\t\t\t\t\t\t\t\t\t\t\t\t\t<\/div>\n\t\t\t\t<\/div>\n\t\t\t\t<div class=\"elementor-element elementor-element-768e8d5 elementor-widget__width-initial elementor-widget-mobile__width-initial elementor-widget elementor-widget-text-editor\" data-id=\"768e8d5\" data-element_type=\"widget\" data-widget_type=\"text-editor.default\">\n\t\t\t\t<div class=\"elementor-widget-container\">\n\t\t\t\t\t\t\t<p>Brosch\u00fcre Patientenverf\u00fcgung in leichter Sprache<\/p>\t\t\t\t\t\t<\/div>\n\t\t\t\t<\/div>\n\t\t\t\t\t<\/div>\n\t\t\t\t<\/div>\n\t\t\t\t\t\t\t<\/div>\n\t\t","protected":false},"excerpt":{"rendered":"<p>Patientenverf\u00fcgung Jeder Mensch hat das Recht, selbstbestimmt zu entscheiden, wie er medizinisch behandelt werden m\u00f6chte. Die\/der ArztIn stellt eine Erkrankung fest und r\u00e4t zu einer Behandlung. Die\/der PatientIn entscheidet, ob [&hellip;]<\/p>\n","protected":false},"author":1,"featured_media":0,"parent":0,"menu_order":0,"comment_status":"closed","ping_status":"closed","template":"","meta":{"footnotes":""},"class_list":["post-565","page","type-page","status-publish","hentry"],"_links":{"self":[{"href":"https:\/\/jjk.merioscloud.de\/index.php\/wp-json\/wp\/v2\/pages\/565","targetHints":{"allow":["GET"]}}],"collection":[{"href":"https:\/\/jjk.merioscloud.de\/index.php\/wp-json\/wp\/v2\/pages"}],"about":[{"href":"https:\/\/jjk.merioscloud.de\/index.php\/wp-json\/wp\/v2\/types\/page"}],"author":[{"embeddable":true,"href":"https:\/\/jjk.merioscloud.de\/index.php\/wp-json\/wp\/v2\/users\/1"}],"replies":[{"embeddable":true,"href":"https:\/\/jjk.merioscloud.de\/index.php\/wp-json\/wp\/v2\/comments?post=565"}],"version-history":[{"count":70,"href":"https:\/\/jjk.merioscloud.de\/index.php\/wp-json\/wp\/v2\/pages\/565\/revisions"}],"predecessor-version":[{"id":2969,"href":"https:\/\/jjk.merioscloud.de\/index.php\/wp-json\/wp\/v2\/pages\/565\/revisions\/2969"}],"wp:attachment":[{"href":"https:\/\/jjk.merioscloud.de\/index.php\/wp-json\/wp\/v2\/media?parent=565"}],"curies":[{"name":"wp","href":"https:\/\/api.w.org\/{rel}","templated":true}]}}