{"id":557,"date":"2023-10-17T14:13:33","date_gmt":"2023-10-17T14:13:33","guid":{"rendered":"https:\/\/jjk.merioscloud.de\/?page_id=557"},"modified":"2024-01-03T13:16:22","modified_gmt":"2024-01-03T13:16:22","slug":"termine","status":"publish","type":"page","link":"https:\/\/jjk.merioscloud.de\/index.php\/termine\/","title":{"rendered":"Termine"},"content":{"rendered":"\t\t<div data-elementor-type=\"wp-page\" data-elementor-id=\"557\" class=\"elementor elementor-557\">\n\t\t\t\t\t\t\t<div class=\"elementor-element elementor-element-2a646161 e-flex e-con-boxed e-con e-child\" data-id=\"2a646161\" data-element_type=\"container\" data-settings=\"{&quot;container_type&quot;:&quot;flex&quot;,&quot;content_width&quot;:&quot;boxed&quot;}\">\n\t\t\t\t\t<div class=\"e-con-inner\">\n\t\t\t\t<div class=\"elementor-element elementor-element-598edd0 elementor-widget__width-inherit elementor-widget-divider--view-line elementor-invisible elementor-widget elementor-widget-divider\" data-id=\"598edd0\" data-element_type=\"widget\" data-settings=\"{&quot;_animation&quot;:&quot;fadeInLeft&quot;}\" data-widget_type=\"divider.default\">\n\t\t\t\t<div class=\"elementor-widget-container\">\n\t\t\t<style>\/*! elementor - v3.16.0 - 09-10-2023 *\/\n.elementor-widget-divider{--divider-border-style:none;--divider-border-width:1px;--divider-color:#0c0d0e;--divider-icon-size:20px;--divider-element-spacing:10px;--divider-pattern-height:24px;--divider-pattern-size:20px;--divider-pattern-url:none;--divider-pattern-repeat:repeat-x}.elementor-widget-divider .elementor-divider{display:flex}.elementor-widget-divider .elementor-divider__text{font-size:15px;line-height:1;max-width:95%}.elementor-widget-divider .elementor-divider__element{margin:0 var(--divider-element-spacing);flex-shrink:0}.elementor-widget-divider .elementor-icon{font-size:var(--divider-icon-size)}.elementor-widget-divider .elementor-divider-separator{display:flex;margin:0;direction:ltr}.elementor-widget-divider--view-line_icon .elementor-divider-separator,.elementor-widget-divider--view-line_text .elementor-divider-separator{align-items:center}.elementor-widget-divider--view-line_icon .elementor-divider-separator:after,.elementor-widget-divider--view-line_icon .elementor-divider-separator:before,.elementor-widget-divider--view-line_text .elementor-divider-separator:after,.elementor-widget-divider--view-line_text .elementor-divider-separator:before{display:block;content:\"\";border-bottom:0;flex-grow:1;border-top:var(--divider-border-width) var(--divider-border-style) var(--divider-color)}.elementor-widget-divider--element-align-left .elementor-divider .elementor-divider-separator>.elementor-divider__svg:first-of-type{flex-grow:0;flex-shrink:100}.elementor-widget-divider--element-align-left .elementor-divider-separator:before{content:none}.elementor-widget-divider--element-align-left .elementor-divider__element{margin-left:0}.elementor-widget-divider--element-align-right .elementor-divider .elementor-divider-separator>.elementor-divider__svg:last-of-type{flex-grow:0;flex-shrink:100}.elementor-widget-divider--element-align-right .elementor-divider-separator:after{content:none}.elementor-widget-divider--element-align-right .elementor-divider__element{margin-right:0}.elementor-widget-divider:not(.elementor-widget-divider--view-line_text):not(.elementor-widget-divider--view-line_icon) .elementor-divider-separator{border-top:var(--divider-border-width) var(--divider-border-style) var(--divider-color)}.elementor-widget-divider--separator-type-pattern{--divider-border-style:none}.elementor-widget-divider--separator-type-pattern.elementor-widget-divider--view-line .elementor-divider-separator,.elementor-widget-divider--separator-type-pattern:not(.elementor-widget-divider--view-line) .elementor-divider-separator:after,.elementor-widget-divider--separator-type-pattern:not(.elementor-widget-divider--view-line) .elementor-divider-separator:before,.elementor-widget-divider--separator-type-pattern:not([class*=elementor-widget-divider--view]) .elementor-divider-separator{width:100%;min-height:var(--divider-pattern-height);-webkit-mask-size:var(--divider-pattern-size) 100%;mask-size:var(--divider-pattern-size) 100%;-webkit-mask-repeat:var(--divider-pattern-repeat);mask-repeat:var(--divider-pattern-repeat);background-color:var(--divider-color);-webkit-mask-image:var(--divider-pattern-url);mask-image:var(--divider-pattern-url)}.elementor-widget-divider--no-spacing{--divider-pattern-size:auto}.elementor-widget-divider--bg-round{--divider-pattern-repeat:round}.rtl .elementor-widget-divider .elementor-divider__text{direction:rtl}.e-con-inner>.elementor-widget-divider,.e-con>.elementor-widget-divider{width:var(--container-widget-width,100%);--flex-grow:var(--container-widget-flex-grow)}<\/style>\t\t<div class=\"elementor-divider\">\n\t\t\t<span class=\"elementor-divider-separator\">\n\t\t\t\t\t\t<\/span>\n\t\t<\/div>\n\t\t\t\t<\/div>\n\t\t\t\t<\/div>\n\t\t\t\t<div class=\"elementor-element elementor-element-249436d7 elementor-widget__width-initial elementor-widget-tablet__width-inherit elementor-widget elementor-widget-heading\" data-id=\"249436d7\" data-element_type=\"widget\" data-widget_type=\"heading.default\">\n\t\t\t\t<div class=\"elementor-widget-container\">\n\t\t\t<style>\/*! elementor - v3.16.0 - 09-10-2023 *\/\n.elementor-heading-title{padding:0;margin:0;line-height:1}.elementor-widget-heading .elementor-heading-title[class*=elementor-size-]>a{color:inherit;font-size:inherit;line-height:inherit}.elementor-widget-heading .elementor-heading-title.elementor-size-small{font-size:15px}.elementor-widget-heading .elementor-heading-title.elementor-size-medium{font-size:19px}.elementor-widget-heading .elementor-heading-title.elementor-size-large{font-size:29px}.elementor-widget-heading .elementor-heading-title.elementor-size-xl{font-size:39px}.elementor-widget-heading .elementor-heading-title.elementor-size-xxl{font-size:59px}<\/style><h2 class=\"elementor-heading-title elementor-size-default\">Termine 2024<\/h2>\t\t<\/div>\n\t\t\t\t<\/div>\n\t\t\t\t<div class=\"elementor-element elementor-element-14f362b3 elementor-widget__width-initial elementor-widget-tablet__width-inherit elementor-widget elementor-widget-text-editor\" data-id=\"14f362b3\" data-element_type=\"widget\" data-widget_type=\"text-editor.default\">\n\t\t\t\t<div class=\"elementor-widget-container\">\n\t\t\t<style>\/*! elementor - v3.16.0 - 09-10-2023 *\/\n.elementor-widget-text-editor.elementor-drop-cap-view-stacked .elementor-drop-cap{background-color:#69727d;color:#fff}.elementor-widget-text-editor.elementor-drop-cap-view-framed .elementor-drop-cap{color:#69727d;border:3px solid;background-color:transparent}.elementor-widget-text-editor:not(.elementor-drop-cap-view-default) .elementor-drop-cap{margin-top:8px}.elementor-widget-text-editor:not(.elementor-drop-cap-view-default) .elementor-drop-cap-letter{width:1em;height:1em}.elementor-widget-text-editor .elementor-drop-cap{float:left;text-align:center;line-height:1;font-size:50px}.elementor-widget-text-editor .elementor-drop-cap-letter{display:inline-block}<\/style>\t\t\t\t<p><strong>Anmeldung \u00fcber:<\/strong><br \/>Sozialdienst Katholischer Frauen und M\u00e4nner f\u00fcr den Landkreis Neunkirchen, H\u00fcttenbergstr. 42, 66538 Neunkirchen, Tel.: 06821 \/ 13940 &#8211; betreuungsverein@skfm-nk.de\u00a0<\/p>\t\t\t\t\t\t<\/div>\n\t\t\t\t<\/div>\n\t\t\t\t\t<\/div>\n\t\t\t\t<\/div>\n\t\t<div class=\"elementor-element elementor-element-0f3325f e-flex e-con-boxed e-con e-parent\" data-id=\"0f3325f\" data-element_type=\"container\" data-settings=\"{&quot;container_type&quot;:&quot;flex&quot;,&quot;content_width&quot;:&quot;boxed&quot;}\" data-core-v316-plus=\"true\">\n\t\t\t\t\t<div class=\"e-con-inner\">\n\t\t\t\t<div class=\"elementor-element elementor-element-f8e3124 elementor-widget__width-initial elementor-widget elementor-widget-text-editor\" data-id=\"f8e3124\" data-element_type=\"widget\" data-widget_type=\"text-editor.default\">\n\t\t\t\t<div class=\"elementor-widget-container\">\n\t\t\t\t\t\t\t<table width=\"552\"><tbody><tr><td width=\"151\"><strong>Termin<\/strong><\/td><td width=\"180\"><strong>Ort<\/strong><\/td><td width=\"221\"><strong>Thema<\/strong><\/td><\/tr><tr><td width=\"151\">Montag 29. Januar<\/td><td width=\"180\">Neunkirchen, 17.30 Uhr<\/td><td width=\"221\">Erfahrungsaustausch<\/td><\/tr><tr><td width=\"151\">Montag, 19. Februar<\/td><td width=\"180\">Eppelborn, 17.30 Uhr<\/td><td width=\"221\">Informationsveranstaltung &#8211; Grundsicherung und Wohngeld<\/td><\/tr><tr><td width=\"151\">Samstag, 16. M\u00e4rz<\/td><td width=\"180\">Neunkirchen, 9.30 &#8211; 12.00\u00a0 Uhr<\/td><td width=\"221\">Betreuerschulung Teil 1<\/td><\/tr><tr><td width=\"151\">Samstag, 23. M\u00e4rz<\/td><td width=\"180\">Neunkirchen, 9.30 &#8211; 12.00\u00a0 Uhr<\/td><td width=\"221\">Betreuerschulung Teil 2<\/td><\/tr><tr><td width=\"151\">Montag, 15. April<\/td><td width=\"180\">Neunkirchen, 17.30 Uhr<\/td><td width=\"221\">Informationsveranstaltung &#8211; Umgang mit Demenz<\/td><\/tr><tr><td width=\"151\">Montag, 6. Mai<\/td><td width=\"180\">Neunkirchen<\/td><td width=\"221\">Mitgliederversammlung<\/td><\/tr><tr><td width=\"151\">Montag, 24. Juni<\/td><td width=\"180\">Eppelborn, 17.30 Uhr<\/td><td width=\"221\">Erfahrungsaustausch<\/td><\/tr><tr><td width=\"151\">Montag, 15. Juli<\/td><td width=\"180\">Eppelborn, 17.30 Uhr<\/td><td width=\"221\">Informationsveranstaltung &#8211; Unterbringung und freiheitsentziehende Ma\u00dfnahmen<\/td><\/tr><tr><td width=\"151\">Montag, 2.September<\/td><td width=\"180\">Neunkirchen, 17.30 Uhr<\/td><td width=\"221\">Erfahrungsaustausch<\/td><\/tr><tr><td width=\"151\">Mittwoch 6.,13., und 20. November<\/td><td width=\"180\">Neunkirchen 14.00 &#8211; 15.00 Uhr und 15.30 &#8211; 16.30 Uhr<\/td><td width=\"221\">&#8222;Was Betreuer wissen sollten&#8220; &#8211;\u00a0\u00a0\u00a0\u00a0\u00a0 6 Module zum Betreuungsrecht<\/td><\/tr><tr><td width=\"151\">Montag, 2. Dezember<\/td><td width=\"180\">Neunkirchen, 17.30 Uhr<\/td><td width=\"221\">Erfahrungsaustausch<\/td><\/tr><\/tbody><\/table>\t\t\t\t\t\t<\/div>\n\t\t\t\t<\/div>\n\t\t\t\t\t<\/div>\n\t\t\t\t<\/div>\n\t\t\t\t\t\t\t<\/div>\n\t\t","protected":false},"excerpt":{"rendered":"<p>Termine 2024 Anmeldung \u00fcber:Sozialdienst Katholischer Frauen und M\u00e4nner f\u00fcr den Landkreis Neunkirchen, H\u00fcttenbergstr. 42, 66538 Neunkirchen, Tel.: 06821 \/ 13940 &#8211; betreuungsverein@skfm-nk.de\u00a0 Termin Ort Thema Montag 29. Januar Neunkirchen, 17.30 [&hellip;]<\/p>\n","protected":false},"author":1,"featured_media":0,"parent":0,"menu_order":0,"comment_status":"closed","ping_status":"closed","template":"","meta":{"footnotes":""},"class_list":["post-557","page","type-page","status-publish","hentry"],"_links":{"self":[{"href":"https:\/\/jjk.merioscloud.de\/index.php\/wp-json\/wp\/v2\/pages\/557","targetHints":{"allow":["GET"]}}],"collection":[{"href":"https:\/\/jjk.merioscloud.de\/index.php\/wp-json\/wp\/v2\/pages"}],"about":[{"href":"https:\/\/jjk.merioscloud.de\/index.php\/wp-json\/wp\/v2\/types\/page"}],"author":[{"embeddable":true,"href":"https:\/\/jjk.merioscloud.de\/index.php\/wp-json\/wp\/v2\/users\/1"}],"replies":[{"embeddable":true,"href":"https:\/\/jjk.merioscloud.de\/index.php\/wp-json\/wp\/v2\/comments?post=557"}],"version-history":[{"count":58,"href":"https:\/\/jjk.merioscloud.de\/index.php\/wp-json\/wp\/v2\/pages\/557\/revisions"}],"predecessor-version":[{"id":3188,"href":"https:\/\/jjk.merioscloud.de\/index.php\/wp-json\/wp\/v2\/pages\/557\/revisions\/3188"}],"wp:attachment":[{"href":"https:\/\/jjk.merioscloud.de\/index.php\/wp-json\/wp\/v2\/media?parent=557"}],"curies":[{"name":"wp","href":"https:\/\/api.w.org\/{rel}","templated":true}]}}